{"id":1774,"date":"2024-11-07T08:35:18","date_gmt":"2024-11-07T08:35:18","guid":{"rendered":"https:\/\/thaohoangphuong.com\/?post_type=product&#038;p=1774"},"modified":"2025-01-10T12:26:39","modified_gmt":"2025-01-10T11:26:39","slug":"virtual-assistant-website-canva-template","status":"publish","type":"product","link":"https:\/\/thaohoangphuong.com\/cz\/produkt\/virtual-assistant-website-canva-template\/","title":{"rendered":"Virtual Assistant Website"},"content":{"rendered":"<p>Profesion\u00e1ln\u011b navr\u017een\u00e1 \u0161ablona webov\u00fdch str\u00e1nek pro virtu\u00e1ln\u00ed asistenty a digit\u00e1ln\u00ed mana\u017eery. Tato jednostr\u00e1nkov\u00e1 \u0161ablona v modern\u00edm a \u010dist\u00e9m designu je vytvo\u0159ena tak, aby efektivn\u011b prezentovala va\u0161e slu\u017eby, dovednosti a \u00fasp\u011bchy a p\u0159itahovala potenci\u00e1ln\u00ed klienty.<\/p>\n<p>\ud83d\udda5\ufe0f Pod\u00edvejte se na <strong>DEMO uk\u00e1zku<\/strong>: <a href=\"https:\/\/thaohoangphuong.my.canva.site\/virtual-assistant-website\">https:\/\/thaohoangphuong.my.canva.site\/virtual-assistant-website<\/a><\/p>\n<h3>\u2728 Tato \u0161ablona nab\u00edz\u00ed:<\/h3>\n<p>\u2714\ufe0f 100% p\u0159izp\u016fsobiteln\u00fd design<br \/>\n\u2714\ufe0f Responzivn\u00ed rozvr\u017een\u00ed<br \/>\n\u2714\ufe0f Form\u00e1t jednostr\u00e1nkov\u00e9ho webu<br \/>\n\u2714\ufe0f Snadn\u00e9 a bezplatn\u00e9 publikov\u00e1n\u00ed v Canv\u011b<br \/>\n\u2714\ufe0f Voln\u00e9 pou\u017eit\u00ed vysoce kvalitn\u00edch obr\u00e1zk\u016f<\/p>\n<h3>\u2728 \u0160ablona obsahuje <strong>9 promy\u0161len\u00fdch sekc\u00ed<\/strong>:<\/h3>\n<p>\u27a4 <strong>Hero Section:<\/strong> Vytvo\u0159te siln\u00fd prvn\u00ed dojem pomoc\u00ed v\u00fdrazn\u00e9 \u00favodn\u00ed sekce a nadpisu.<br \/>\n\u27a4 <strong>Probl\u00e9my:<\/strong> Zam\u011b\u0159te se na probl\u00e9my, kter\u00e9 tr\u00e1p\u00ed va\u0161i c\u00edlovou skupinu, a nab\u00eddn\u011bte jim \u0159e\u0161en\u00ed.<br \/>\n\u27a4 <strong>Slu\u017eby:<\/strong> Jasn\u011b vymezte sv\u00e9 slu\u017eby, aby klienti rychle pochopili, co nab\u00edz\u00edte.<br \/>\n\u27a4 <strong>O n\u00e1s:<\/strong> Sd\u00edlejte sv\u016fj p\u0159\u00edb\u011bh a vybudujte d\u016fv\u011bru osobn\u00edm p\u0159edstaven\u00edm.<br \/>\n\u27a4 <strong>Dovednosti:<\/strong> Zd\u016frazn\u011bte svou odbornost a to, \u010d\u00edm se li\u0161\u00edte od konkurence.<br \/>\n\u27a4 <strong>V\u00fdsledky:<\/strong> Prezentujte sv\u00e9 \u00fasp\u011bchy pomoc\u00ed kl\u00ed\u010dov\u00fdch metrik a p\u0159\u00edb\u011bh\u016f o dosa\u017een\u00fdch v\u00fdsledc\u00edch.<br \/>\n\u27a4 <strong>Moje pr\u00e1ce:<\/strong> Prezentujte sv\u00e9 portfolio vizu\u00e1ly, kter\u00e9 siln\u011b vypov\u00eddaj\u00ed o va\u0161ich zku\u0161enostech.<br \/>\n\u27a4 <strong>Reference:<\/strong> Nechte sv\u00e9 spokojen\u00e9 klienty mluvit za v\u00e1s pomoc\u00ed siln\u00fdch doporu\u010den\u00ed.<br \/>\n\u27a4 <strong>Kontakt:<\/strong> Umo\u017en\u011bte potenci\u00e1ln\u00edm klient\u016fm snadno se s v\u00e1mi spojit.<\/p>\n<p>K tomu nav\u00edc z\u00edsk\u00e1te <strong>P\u0159\u00edru\u010dka Canvy ZDARMA<\/strong> abyste mohli za\u010d\u00edt!<\/p>\n<p>Jste p\u0159ipraven\u00ed ud\u011blat nezapomenuteln\u00fd dojem? P\u0159izp\u016fsobte si je\u0161t\u011b dnes svou vlastn\u00ed profesion\u00e1ln\u00ed webovou str\u00e1nku virtu\u00e1ln\u00edho asistenta!<\/p>","protected":false},"excerpt":{"rendered":"<p>Profesion\u00e1ln\u00ed jednostr\u00e1nkov\u00e1 \u0161ablona webov\u00fdch str\u00e1nek pro virtu\u00e1ln\u00ed asistenty. Pln\u011b p\u0159izp\u016fsobiteln\u00e1 v aplikaci Canva, navr\u017een\u00e1 tak, aby prezentovala va\u0161e slu\u017eby a zaujala potenci\u00e1ln\u00ed klienty.<\/p>","protected":false},"featured_media":1830,"comment_status":"open","ping_status":"closed","template":"","meta":{"_monsterinsights_skip_tracking":false,"_monsterinsights_sitenote_active":false,"_monsterinsights_sitenote_note":"","_monsterinsights_sitenote_category":0},"product_brand":[],"product_cat":[44],"product_tag":[45,40,46,35,47],"class_list":{"0":"post-1774","1":"product","2":"type-product","3":"status-publish","4":"has-post-thumbnail","6":"product_cat-virtual-assistant","7":"product_tag-business-manager","8":"product_tag-canva-website-template","9":"product_tag-freelance-portfolio","10":"product_tag-landing-page","11":"product_tag-virtual-assistant","13":"first","14":"instock","15":"downloadable","16":"virtual","17":"purchasable","18":"product-type-simple"},"aioseo_notices":[],"_links":{"self":[{"href":"https:\/\/thaohoangphuong.com\/cz\/wp-json\/wp\/v2\/product\/1774","targetHints":{"allow":["GET"]}}],"collection":[{"href":"https:\/\/thaohoangphuong.com\/cz\/wp-json\/wp\/v2\/product"}],"about":[{"href":"https:\/\/thaohoangphuong.com\/cz\/wp-json\/wp\/v2\/types\/product"}],"replies":[{"embeddable":true,"href":"https:\/\/thaohoangphuong.com\/cz\/wp-json\/wp\/v2\/comments?post=1774"}],"wp:featuredmedia":[{"embeddable":true,"href":"https:\/\/thaohoangphuong.com\/cz\/wp-json\/wp\/v2\/media\/1830"}],"wp:attachment":[{"href":"https:\/\/thaohoangphuong.com\/cz\/wp-json\/wp\/v2\/media?parent=1774"}],"wp:term":[{"taxonomy":"product_brand","embeddable":true,"href":"https:\/\/thaohoangphuong.com\/cz\/wp-json\/wp\/v2\/product_brand?post=1774"},{"taxonomy":"product_cat","embeddable":true,"href":"https:\/\/thaohoangphuong.com\/cz\/wp-json\/wp\/v2\/product_cat?post=1774"},{"taxonomy":"product_tag","embeddable":true,"href":"https:\/\/thaohoangphuong.com\/cz\/wp-json\/wp\/v2\/product_tag?post=1774"}],"curies":[{"name":"wp","href":"https:\/\/api.w.org\/{rel}","templated":true}]}}