{"id":1773,"date":"2024-11-07T08:35:18","date_gmt":"2024-11-07T08:35:18","guid":{"rendered":"https:\/\/thaohoangphuong.com\/?post_type=product&#038;p=1773"},"modified":"2025-10-01T19:00:41","modified_gmt":"2025-10-01T17:00:41","slug":"health-coaching-website-canva-template","status":"publish","type":"product","link":"https:\/\/thaohoangphuong.com\/cz\/produkt\/health-coaching-website-canva-template\/","title":{"rendered":"Health Coaching Website"},"content":{"rendered":"<p>Tento harmonick\u00fd design je vytvo\u0159en tak, aby odr\u00e1\u017eel va\u0161i v\u00e1\u0161e\u0148 pro zdrav\u00fd \u017eivotn\u00ed styl. \u0160ablona je ide\u00e1ln\u00ed pro fitness, wellness a holistick\u00e9 kou\u010de, kte\u0159\u00ed cht\u011bj\u00ed odstartovat sv\u016fj web pro zdrav\u00e9 kou\u010dov\u00e1n\u00ed. <strong>RYCHLE<\/strong> a <strong>BEZ N\u00c1MAHY<\/strong>!<\/p>\n<p>\ud83d\udda5\ufe0f Pod\u00edvejte se na <strong>DEMO uk\u00e1zku<\/strong>: <a href=\"https:\/\/thaohoangphuong.my.canva.site\/wellness-coach-website\">https:\/\/thaohoangphuong.my.canva.site\/wellness-coach-website<\/a><\/p>\n<h3>\u2728 Tato \u0161ablona nab\u00edz\u00ed:<\/h3>\n<p>\u2714\ufe0f 100% p\u0159izp\u016fsobiteln\u00fd design<br \/>\n\u2714\ufe0f Responzivn\u00ed rozvr\u017een\u00ed<br \/>\n\u2714\ufe0f Form\u00e1t jednostr\u00e1nkov\u00e9ho webu<br \/>\n\u2714\ufe0f Snadn\u00e9 a bezplatn\u00e9 publikov\u00e1n\u00ed v Canv\u011b<br \/>\n\u2714\ufe0f Voln\u00e9 pou\u017eit\u00ed vysoce kvalitn\u00edch obr\u00e1zk\u016f<\/p>\n<p>&nbsp;<\/p>\n<h3>\u2728 Tato \u0161ablona obsahuje 8<strong>\u00a0promy\u0161len\u00fdch sekc\u00ed<\/strong>:<\/h3>\n<p>\u27a4 <strong>Hero Section:<\/strong> Zaujm\u011bte na prvn\u00ed pohled vizu\u00e1ln\u011b atraktivn\u00ed \u00favodn\u00ed sekc\u00ed, kter\u00e1 nastav\u00ed t\u00f3n va\u0161\u00ed zna\u010dky a slu\u017eeb.<\/p>\n<p>\u27a4 <strong>O n\u00e1s:<\/strong> Pod\u011blte se o sv\u016fj p\u0159\u00edb\u011bh, posl\u00e1n\u00ed a hodnoty, abyste nav\u00e1zali osobn\u00ed spojen\u00ed se svou c\u00edlovou skupinou. Uka\u017ete jim svou cestu a pro\u010d jste t\u00edm spr\u00e1vn\u00fdm kou\u010dem, kter\u00fd je m\u016f\u017ee prov\u00e9st.<\/p>\n<p>\u27a4 <strong>Slu\u017eby:<\/strong> Jasn\u011b popi\u0161te sv\u00e9 slu\u017eby a zd\u016frazn\u011bte jedine\u010dn\u00e9 p\u0159\u00ednosy a transforma\u010dn\u00ed v\u00fdsledky, kter\u00fdch mohou klienti dos\u00e1hnout. Pomozte jim pochopit, jak je m\u016f\u017eete podpo\u0159it na jejich cest\u011b ke zdrav\u00ed a pohod\u011b.<\/p>\n<p>\u27a4 <strong>Cen\u00edk:<\/strong> P\u0159edstavte sv\u00e9 cenov\u00e9 mo\u017enosti p\u0159ehledn\u011b a transparentn\u011b. Jasn\u011b popi\u0161te vlastnosti a p\u0159\u00ednosy jednotliv\u00fdch bal\u00ed\u010dk\u016f, aby si klienti snadno vybrali tu spr\u00e1vnou variantu odpov\u00eddaj\u00edc\u00ed jejich pot\u0159eb\u00e1m.<\/p>\n<p>\u27a4 <strong>Cit\u00e1t:<\/strong> Inspirujte sv\u00e9 n\u00e1v\u0161t\u011bvn\u00edky siln\u00fdm motiva\u010dn\u00edm cit\u00e1tem, kter\u00fd odr\u00e1\u017e\u00ed va\u0161i kou\u010dovac\u00ed filozofii a povzbuzuje je k akci.<\/p>\n<p>\u27a4 <strong>Reference:<\/strong> Uka\u017ete reference a p\u0159\u00edb\u011bhy va\u0161ich spokojen\u00fdch klient\u016f. Nechte jejich pozitivn\u00ed zku\u0161enosti zd\u016fraznit p\u0159\u00ednos va\u0161ich kou\u010dovac\u00edch slu\u017eeb.<\/p>\n<p>\u27a4 <strong>Kontakt:<\/strong> Umo\u017en\u011bte potenci\u00e1ln\u00edm klient\u016fm snadno v\u00e1s kontaktovat. Nab\u00eddn\u011bte r\u016fzn\u00e9 mo\u017enosti, v\u010detn\u011b e-mailu, telefonu a odkaz\u016f na soci\u00e1ln\u00ed s\u00edt\u011b, aby byla komunikace snadn\u00e1 a p\u0159\u00edm\u00e1.<\/p>\n<p>\u27a4 <strong>Z\u00e1pat\u00ed:<\/strong> Uzav\u0159ete sv\u016fj web profesion\u00e1ln\u00edm z\u00e1pat\u00edm, kter\u00e9 obsahuje kl\u00ed\u010dov\u00e9 informace a odkazy na va\u0161e profily na soci\u00e1ln\u00edch s\u00edt\u00edch.<\/p>\n<p>&nbsp;<\/p>\n<p>K tomu nav\u00edc z\u00edsk\u00e1te <strong>P\u0159\u00edru\u010dka Canvy ZDARMA<\/strong> abyste mohli za\u010d\u00edt!<\/p>\n<p>Propagujte sv\u00e9 online podnik\u00e1n\u00ed a p\u0159itahujte v\u00edce klient\u016f s touto u\u017eivatelsky p\u0159\u00edv\u011btivou \u0161ablonou pro fitness kou\u010dov\u00e1n\u00ed.<\/p>","protected":false},"excerpt":{"rendered":"<p>Spus\u0165te sv\u00e9 webov\u00e9 str\u00e1nky pro fitness kou\u010dov\u00e1n\u00ed rychle a bez n\u00e1mahy pomoc\u00ed t\u00e9to p\u0159izp\u016fsobiteln\u00e9 \u0161ablony Canva. Ide\u00e1ln\u00ed pro wellness a fitness tren\u00e9ry!<\/p>","protected":false},"featured_media":1823,"comment_status":"open","ping_status":"closed","template":"","meta":{"_monsterinsights_skip_tracking":false,"_monsterinsights_sitenote_active":false,"_monsterinsights_sitenote_note":"","_monsterinsights_sitenote_category":0},"product_brand":[],"product_cat":[22],"product_tag":[40,41,42,35,43],"class_list":{"0":"post-1773","1":"product","2":"type-product","3":"status-publish","4":"has-post-thumbnail","6":"product_cat-coaching","7":"product_tag-canva-website-template","8":"product_tag-fitness-coach","9":"product_tag-holistic-health-coach","10":"product_tag-landing-page","11":"product_tag-wellness-coach","13":"first","14":"instock","15":"downloadable","16":"virtual","17":"purchasable","18":"product-type-simple"},"aioseo_notices":[],"_links":{"self":[{"href":"https:\/\/thaohoangphuong.com\/cz\/wp-json\/wp\/v2\/product\/1773","targetHints":{"allow":["GET"]}}],"collection":[{"href":"https:\/\/thaohoangphuong.com\/cz\/wp-json\/wp\/v2\/product"}],"about":[{"href":"https:\/\/thaohoangphuong.com\/cz\/wp-json\/wp\/v2\/types\/product"}],"replies":[{"embeddable":true,"href":"https:\/\/thaohoangphuong.com\/cz\/wp-json\/wp\/v2\/comments?post=1773"}],"wp:featuredmedia":[{"embeddable":true,"href":"https:\/\/thaohoangphuong.com\/cz\/wp-json\/wp\/v2\/media\/1823"}],"wp:attachment":[{"href":"https:\/\/thaohoangphuong.com\/cz\/wp-json\/wp\/v2\/media?parent=1773"}],"wp:term":[{"taxonomy":"product_brand","embeddable":true,"href":"https:\/\/thaohoangphuong.com\/cz\/wp-json\/wp\/v2\/product_brand?post=1773"},{"taxonomy":"product_cat","embeddable":true,"href":"https:\/\/thaohoangphuong.com\/cz\/wp-json\/wp\/v2\/product_cat?post=1773"},{"taxonomy":"product_tag","embeddable":true,"href":"https:\/\/thaohoangphuong.com\/cz\/wp-json\/wp\/v2\/product_tag?post=1773"}],"curies":[{"name":"wp","href":"https:\/\/api.w.org\/{rel}","templated":true}]}}