{"id":1772,"date":"2024-11-07T08:35:18","date_gmt":"2024-11-07T08:35:18","guid":{"rendered":"https:\/\/thaohoangphuong.com\/?post_type=product&#038;p=1772"},"modified":"2025-05-29T16:50:14","modified_gmt":"2025-05-29T14:50:14","slug":"business-consulting-website-canva-template","status":"publish","type":"product","link":"https:\/\/thaohoangphuong.com\/cz\/produkt\/business-consulting-website-canva-template\/","title":{"rendered":"Business Consulting Website"},"content":{"rendered":"<p>Tato \u0161ablona je ide\u00e1ln\u00ed pro obchodn\u00ed konzultanty, firemn\u00ed kou\u010de nebo jak\u00e9koli jin\u00e9 profesion\u00e1ln\u00ed poradce, kte\u0159\u00ed cht\u011bj\u00ed prezentovat svou odbornost prost\u0159ednictv\u00edm profesion\u00e1ln\u00edho a modern\u00edho webu.<\/p>\n<p>\ud83d\udda5\ufe0f Pod\u00edvejte se na DEMO uk\u00e1zku: <a href=\"https:\/\/thaohoangphuong.my.canva.site\/business-consulting\">https:\/\/thaohoangphuong.my.canva.site\/business-consulting<\/a><\/p>\n<h3>\u2728 Tato \u0161ablona nab\u00edz\u00ed:<\/h3>\n<p>\u2714\ufe0f 100% p\u0159izp\u016fsobiteln\u00fd design<br \/>\n\u2714\ufe0f Responzivn\u00ed rozvr\u017een\u00ed<br \/>\n\u2714\ufe0f Form\u00e1t jednostr\u00e1nkov\u00e9ho webu<br \/>\n\u2714\ufe0f Snadn\u00e9 a bezplatn\u00e9 publikov\u00e1n\u00ed v Canv\u011b<br \/>\n\u2714\ufe0f Voln\u00e9 pou\u017eit\u00ed vysoce kvalitn\u00edch obr\u00e1zk\u016f<\/p>\n<h3>\u2728 Tato \u0161ablona obsahuje 8<strong>\u00a0promy\u0161len\u00fdch sekc\u00ed<\/strong>:<\/h3>\n<p>\u27a4 <strong>Hero Section + Menu:<\/strong> Ud\u011blejte siln\u00fd prvn\u00ed dojem pomoc\u00ed kr\u00e1sn\u00e9 \u00favodn\u00ed sekce. Intuitivn\u00ed menu zaji\u0161\u0165uje plynulou navigaci a hladce prov\u00e1d\u00ed n\u00e1v\u0161t\u011bvn\u00edky cel\u00fdm webem.<\/p>\n<p>\u27a4 <strong>O n\u00e1s:<\/strong> Pod\u011blte se o svou odbornost, zku\u0161enosti a p\u0159\u00edstup, abyste nav\u00e1zali osobn\u00ed spojen\u00ed a vybudovali d\u016fv\u011bru u sv\u00e9 c\u00edlov\u00e9 skupiny.<\/p>\n<p>\u27a4 <strong>Slu\u017eby:<\/strong> Podrobn\u011b popi\u0161te svou nab\u00eddku slu\u017eeb, zd\u016frazn\u011bte jedine\u010dn\u00e9 v\u00fdhody a v\u00fdsledky, kter\u00e9 mohou klienti o\u010dek\u00e1vat, a pomozte jim pochopit, jak jim m\u016f\u017eete pomoci dos\u00e1hnout jejich c\u00edl\u016f.<\/p>\n<p>\u27a4 <strong>Na\u0161e v\u00fdsledky:<\/strong> Jasn\u011b uka\u017ete v\u00fdsledky, kter\u00fdch jste dos\u00e1hli pro sv\u00e9 klienty. Pou\u017eijte metriky, p\u0159\u00edpadov\u00e9 studie nebo vizu\u00e1ln\u00ed data k zd\u016frazn\u011bn\u00ed va\u0161ich \u00fasp\u011b\u0161n\u00fdch p\u0159\u00edb\u011bh\u016f.<\/p>\n<p>\u27a4 <strong>P\u0159edchoz\u00ed projekty:<\/strong> Dejte prostor k nahl\u00e9dnut\u00ed do sv\u00fdch p\u0159edchoz\u00edch projekt\u016f, kter\u00e9 ukazuj\u00ed va\u0161i odbornost a konkr\u00e9tn\u00ed v\u00fdsledky, kter\u00e9 p\u0159in\u00e1\u0161\u00edte.<\/p>\n<p>\u27a4 <strong>Reference:<\/strong> Zobrazte reference od sv\u00fdch p\u0159edchoz\u00edch klient\u016f, abyste vybudovali d\u016fv\u011bru.<\/p>\n<p>\u27a4 <strong>Kontaktujte n\u00e1s:<\/strong> Povzbu\u010fte n\u00e1v\u0161t\u011bvn\u00edky, aby se s v\u00e1mi spojili jasn\u00fdm v\u00fdzvou k akci. Nab\u00eddn\u011bte jim r\u016fzn\u00e9 zp\u016fsoby kontaktu, v\u010detn\u011b e-mailu, telefonu a adresy, aby bylo pro potenci\u00e1ln\u00ed klienty snadn\u00e9 v\u00e1s kontaktovat a nav\u00e1zat spojen\u00ed.<\/p>\n<p>\u27a4 <strong>Z\u00e1pat\u00ed:<\/strong> Shr\u0148te rychl\u00e9 odkazy, ikony soci\u00e1ln\u00edch m\u00e9di\u00ed a dal\u0161\u00ed d\u016fle\u017eit\u00e9 informace.<\/p>\n<p>K tomu nav\u00edc z\u00edsk\u00e1te <strong>P\u0159\u00edru\u010dka Canvy ZDARMA<\/strong> abyste mohli za\u010d\u00edt!<\/p>\n<p>Odstartujte sv\u016fj vlastn\u00ed profesion\u00e1ln\u00ed konzulta\u010dn\u00ed web je\u0161t\u011b dnes!<\/p>","protected":false},"excerpt":{"rendered":"<p>Zlep\u0161ete svou online prezentaci a p\u0159il\u00e1kejte klienty pomoc\u00ed t\u00e9to univerz\u00e1ln\u00ed \u0161ablony konzulta\u010dn\u00edch webov\u00fdch str\u00e1nek Canva, kter\u00e1 je ide\u00e1ln\u00ed pro profesion\u00e1ly v businessu.<\/p>","protected":false},"featured_media":1814,"comment_status":"open","ping_status":"closed","template":"","meta":{"_monsterinsights_skip_tracking":false,"_monsterinsights_sitenote_active":false,"_monsterinsights_sitenote_note":"","_monsterinsights_sitenote_category":0},"product_brand":[],"product_cat":[22],"product_tag":[38,23,39,31],"class_list":{"0":"post-1772","1":"product","2":"type-product","3":"status-publish","4":"has-post-thumbnail","6":"product_cat-coaching","7":"product_tag-business-coaching","8":"product_tag-canva","9":"product_tag-consulting-website","10":"product_tag-website-template","12":"first","13":"instock","14":"downloadable","15":"virtual","16":"purchasable","17":"product-type-simple"},"aioseo_notices":[],"_links":{"self":[{"href":"https:\/\/thaohoangphuong.com\/cz\/wp-json\/wp\/v2\/product\/1772","targetHints":{"allow":["GET"]}}],"collection":[{"href":"https:\/\/thaohoangphuong.com\/cz\/wp-json\/wp\/v2\/product"}],"about":[{"href":"https:\/\/thaohoangphuong.com\/cz\/wp-json\/wp\/v2\/types\/product"}],"replies":[{"embeddable":true,"href":"https:\/\/thaohoangphuong.com\/cz\/wp-json\/wp\/v2\/comments?post=1772"}],"wp:featuredmedia":[{"embeddable":true,"href":"https:\/\/thaohoangphuong.com\/cz\/wp-json\/wp\/v2\/media\/1814"}],"wp:attachment":[{"href":"https:\/\/thaohoangphuong.com\/cz\/wp-json\/wp\/v2\/media?parent=1772"}],"wp:term":[{"taxonomy":"product_brand","embeddable":true,"href":"https:\/\/thaohoangphuong.com\/cz\/wp-json\/wp\/v2\/product_brand?post=1772"},{"taxonomy":"product_cat","embeddable":true,"href":"https:\/\/thaohoangphuong.com\/cz\/wp-json\/wp\/v2\/product_cat?post=1772"},{"taxonomy":"product_tag","embeddable":true,"href":"https:\/\/thaohoangphuong.com\/cz\/wp-json\/wp\/v2\/product_tag?post=1772"}],"curies":[{"name":"wp","href":"https:\/\/api.w.org\/{rel}","templated":true}]}}