{"id":1771,"date":"2024-11-07T08:35:18","date_gmt":"2024-11-07T08:35:18","guid":{"rendered":"https:\/\/thaohoangphuong.com\/?post_type=product&#038;p=1771"},"modified":"2025-05-31T18:40:30","modified_gmt":"2025-05-31T16:40:30","slug":"sophisticated-nail-salon-website-canva-template","status":"publish","type":"product","link":"https:\/\/thaohoangphuong.com\/cz\/produkt\/sophisticated-nail-salon-website-canva-template\/","title":{"rendered":"Nail Salon Website"},"content":{"rendered":"<p>Z\u00edskejte na\u0161i sofistikovanou \u0161ablonu webu pro nehtov\u00fd salon, navr\u017eenou pro <strong>nehtov\u00e9 salony<\/strong>, <strong>kade\u0159nictv\u00ed<\/strong>, <strong>viz\u00e1\u017eisty<\/strong>, apod. , kte\u0159\u00ed si cen\u00ed elegance a stylu. Prezentujte sv\u00e9 slu\u017eby a pr\u00e1ci snadno se 100% p\u0159izp\u016fsobitelnou, responzivn\u00ed Canva \u0161ablonou, kter\u00e1 vypad\u00e1 esteticky a profesion\u00e1ln\u011b.<\/p>\n<p>\ud83d\udda5\ufe0f Pod\u00edvejte se na <strong>DEMO uk\u00e1zku<\/strong>: <a href=\"https:\/\/thaohoangphuong.my.canva.site\/nails-salon-website\">https:\/\/thaohoangphuong.my.canva.site\/nails-salon-website<\/a><\/p>\n<h3>\u2728 Tato \u0161ablona nab\u00edz\u00ed:<\/h3>\n<p>\u2714\ufe0f 100% p\u0159izp\u016fsobiteln\u00fd design<br \/>\n\u2714\ufe0f Responzivn\u00ed rozvr\u017een\u00ed<br \/>\n\u2714\ufe0f Form\u00e1t jednostr\u00e1nkov\u00e9ho webu<br \/>\n\u2714\ufe0f Snadn\u00e9 a bezplatn\u00e9 publikov\u00e1n\u00ed v Canv\u011b<br \/>\n\u2714\ufe0f Voln\u00e9 pou\u017eit\u00ed vysoce kvalitn\u00edch obr\u00e1zk\u016f<\/p>\n<h3>\u2728 \u0160ablona obsahuje <strong>8 promy\u0161len\u00fdch sekc\u00ed<\/strong>:<\/h3>\n<p>\u27a4 <strong>Hero Section + Menu:<\/strong> Zanechte trval\u00fd prvn\u00ed dojem \u00fa\u017easnou \u00favodn\u00ed sekc\u00ed. Intuitivn\u00ed menu zaji\u0161\u0165uje plynulou navigaci, kter\u00e1 n\u00e1v\u0161t\u011bvn\u00edky hladce prov\u00e1d\u00ed cel\u00fdm webem.<\/p>\n<p>\u27a4 <strong>Slu\u017eby:<\/strong> Prezentujte svou nab\u00eddku slu\u017eeb, zd\u016frazn\u011bte jedine\u010dn\u00e9 v\u00fdhody a ohromuj\u00edc\u00ed v\u00fdsledky, kter\u00e9 klienti mohou o\u010dek\u00e1vat od ka\u017ed\u00e9 slu\u017eby.<\/p>\n<p>\u27a4 <strong>Interi\u00e9r:<\/strong> Dejte z\u00e1kazn\u00edk\u016fm nahl\u00e9dnout do atmosf\u00e9ry va\u0161eho salonu. Prezentujte sv\u016fj sofistikovan\u00fd a p\u0159\u00edv\u011btiv\u00fd prostor, kter\u00fd n\u00e1v\u0161t\u011bvn\u00edk\u016fm navod\u00ed pocit pohodl\u00ed je\u0161t\u011b p\u0159edt\u00edm, ne\u017e k v\u00e1m vstoup\u00ed.<\/p>\n<p>\u27a4 <strong>O n\u00e1s:<\/strong> Pod\u011blte se o sv\u016fj p\u0159\u00edb\u011bh, hodnoty a posl\u00e1n\u00ed, abyste nav\u00e1zali osobn\u00ed spojen\u00ed s va\u0161imi n\u00e1v\u0161t\u011bvn\u00edky. Zv\u00fdrazn\u011bte, \u010d\u00edm se v\u00e1\u0161 salon li\u0161\u00ed, a vysv\u011btlete, pro\u010d by si v\u00e1s klienti m\u011bli vybrat.<\/p>\n<p>\u27a4 <strong>Galerie:<\/strong> Uka\u017ete vybran\u00e9 portfolio sv\u00e9 pr\u00e1ce. Zv\u00fdrazn\u011bte sv\u00e9 nejlep\u0161\u00ed nehtov\u00e9 designy, \u00fa\u010desy nebo beauty o\u0161et\u0159en\u00ed, abyste inspirovali potenci\u00e1ln\u00ed klienty a uk\u00e1zali svou odbornost.<\/p>\n<p>\u27a4 <strong>Cen\u00edk:<\/strong> P\u0159edstavte sv\u016fj cenov\u00fd l\u00edstek. Pomozte klient\u016fm pochopit va\u0161e ceny a v\u00fdjime\u010dnou hodnotu, kterou za va\u0161e slu\u017eby z\u00edskaj\u00ed.<\/p>\n<p>\u27a4 <strong>V\u00fdsledky:<\/strong> Nechte svou pr\u00e1ci mluvit za v\u00e1s. P\u0159edstavte sv\u00e9 dovednosti kr\u00e1sn\u00fdmi fotografiemi p\u0159ed a po. Uka\u017ete potenci\u00e1ln\u00edm klient\u016fm, jak\u00fd rozd\u00edl mohou va\u0161e slu\u017eby p\u0159in\u00e9st.<\/p>\n<p>\u27a4 <strong>Z\u00e1pat\u00ed \/ Kontakt:<\/strong> Poskytn\u011bte informace, jak se s v\u00e1mi mohou z\u00e1kazn\u00edci snadno spojit.<\/p>\n<p>K tomu nav\u00edc z\u00edsk\u00e1te <strong>P\u0159\u00edru\u010dka Canvy ZDARMA<\/strong> abyste mohli za\u010d\u00edt!<\/p>\n<p>Spus\u0165te sv\u016fj web pro nehtov\u00fd salon je\u0161t\u011b dnes!<\/p>","protected":false},"excerpt":{"rendered":"<p>Vytvo\u0159te sofistikovan\u00fd web pro sv\u016fj nehtov\u00fd salon s na\u0161\u00ed Canva \u0161ablonou. Prezentujte sv\u00e9 slu\u017eby, prom\u011bny klient\u016f, fotogalerii a mnoho dal\u0161\u00edho.<\/p>","protected":false},"featured_media":1806,"comment_status":"open","ping_status":"closed","template":"","meta":{"_monsterinsights_skip_tracking":false,"_monsterinsights_sitenote_active":false,"_monsterinsights_sitenote_note":"","_monsterinsights_sitenote_category":0},"product_brand":[],"product_cat":[28],"product_tag":[34,35,36,37,31],"class_list":{"0":"post-1771","1":"product","2":"type-product","3":"status-publish","4":"has-post-thumbnail","6":"product_cat-beauty-wellness","7":"product_tag-beauty-salon-website","8":"product_tag-landing-page","9":"product_tag-nail-salon","10":"product_tag-one-page-website","11":"product_tag-website-template","13":"first","14":"instock","15":"downloadable","16":"virtual","17":"purchasable","18":"product-type-simple"},"aioseo_notices":[],"_links":{"self":[{"href":"https:\/\/thaohoangphuong.com\/cz\/wp-json\/wp\/v2\/product\/1771","targetHints":{"allow":["GET"]}}],"collection":[{"href":"https:\/\/thaohoangphuong.com\/cz\/wp-json\/wp\/v2\/product"}],"about":[{"href":"https:\/\/thaohoangphuong.com\/cz\/wp-json\/wp\/v2\/types\/product"}],"replies":[{"embeddable":true,"href":"https:\/\/thaohoangphuong.com\/cz\/wp-json\/wp\/v2\/comments?post=1771"}],"wp:featuredmedia":[{"embeddable":true,"href":"https:\/\/thaohoangphuong.com\/cz\/wp-json\/wp\/v2\/media\/1806"}],"wp:attachment":[{"href":"https:\/\/thaohoangphuong.com\/cz\/wp-json\/wp\/v2\/media?parent=1771"}],"wp:term":[{"taxonomy":"product_brand","embeddable":true,"href":"https:\/\/thaohoangphuong.com\/cz\/wp-json\/wp\/v2\/product_brand?post=1771"},{"taxonomy":"product_cat","embeddable":true,"href":"https:\/\/thaohoangphuong.com\/cz\/wp-json\/wp\/v2\/product_cat?post=1771"},{"taxonomy":"product_tag","embeddable":true,"href":"https:\/\/thaohoangphuong.com\/cz\/wp-json\/wp\/v2\/product_tag?post=1771"}],"curies":[{"name":"wp","href":"https:\/\/api.w.org\/{rel}","templated":true}]}}