{"id":1770,"date":"2024-11-07T08:35:18","date_gmt":"2024-11-07T08:35:18","guid":{"rendered":"https:\/\/thaohoangphuong.com\/?post_type=product&#038;p=1770"},"modified":"2025-06-02T17:45:08","modified_gmt":"2025-06-02T15:45:08","slug":"career-coaching-website-canva-template","status":"publish","type":"product","link":"https:\/\/thaohoangphuong.com\/cz\/produkt\/career-coaching-website-canva-template\/","title":{"rendered":"Career Coaching Website"},"content":{"rendered":"<p>Spus\u0165te svou webovou str\u00e1nku pro kari\u00e9rn\u00ed kou\u010dink <strong>RYCHLE<\/strong> a <strong>BEZ N\u00c1MAHY<\/strong>!<\/p>\n<p>Navr\u017eeno v elegantn\u00edm a modern\u00edm stylu, tato \u0161ablona spojuje profesion\u00e1ln\u00ed vzhled s motiva\u010dn\u00edmi barvami modr\u00e9 a oran\u017eov\u00e9, co\u017e ji \u010din\u00ed ide\u00e1ln\u00ed volbou pro kou\u010de, kte\u0159\u00ed cht\u011bj\u00ed inspirovat a nav\u00e1zat siln\u00e9 spojen\u00ed se sv\u00fdmi klienty.<\/p>\n<p>\ud83d\udda5\ufe0f Pod\u00edvejte se na <strong>DEMO uk\u00e1zku<\/strong>: <a href=\"https:\/\/thaohoangphuong.my.canva.site\/career-coaching-website-template\">https:\/\/thaohoangphuong.my.canva.site\/career-coaching-website-template<\/a><\/p>\n<h3>\u2728 Tato \u0161ablona nab\u00edz\u00ed:<\/h3>\n<p>\u2714\ufe0f 100% p\u0159izp\u016fsobiteln\u00fd design<br \/>\n\u2714\ufe0f Responzivn\u00ed rozvr\u017een\u00ed<br \/>\n\u2714\ufe0f Form\u00e1t jednostr\u00e1nkov\u00e9ho webu<br \/>\n\u2714\ufe0f Snadn\u00e9 a bezplatn\u00e9 publikov\u00e1n\u00ed v Canv\u011b<br \/>\n\u2714\ufe0f Voln\u00e9 pou\u017eit\u00ed vysoce kvalitn\u00edch obr\u00e1zk\u016f<\/p>\n<h3>\u2728 \u0160ablona obsahuje <strong>9 promy\u0161len\u00fdch sekc\u00ed<\/strong>:<\/h3>\n<p>\u27a4 <strong>Hero Section + Menu:<\/strong> Ud\u011blejte siln\u00fd prvn\u00ed dojem pomoc\u00ed kr\u00e1sn\u00e9 \u00favodn\u00ed sekce. Intuitivn\u00ed menu zaji\u0161\u0165uje plynulou navigaci a hladce prov\u00e1d\u00ed n\u00e1v\u0161t\u011bvn\u00edky cel\u00fdm webem.<\/p>\n<p>\u27a4 <strong>Motto:<\/strong> Zv\u00fdrazn\u011bte svou filozofii silnou kl\u00ed\u010dovou v\u011btou a kr\u00e1tk\u00fdm, siln\u00fdm odstavcem, kter\u00fd oslov\u00ed va\u0161i c\u00edlovou skupinu.<\/p>\n<p>\u27a4 <strong>O n\u00e1s:<\/strong> Pod\u011blte se o svou cestu, hodnoty a posl\u00e1n\u00ed, abyste od za\u010d\u00e1tku nav\u00e1zali osobn\u00ed spojen\u00ed a vybudovali d\u016fv\u011bru u sv\u00fdch n\u00e1v\u0161t\u011bvn\u00edk\u016f.<\/p>\n<p>\u27a4 <strong>Slu\u017eby:<\/strong> Podrobn\u011b popi\u0161te svou nab\u00eddku slu\u017eeb, zd\u016frazn\u011bte jedine\u010dn\u00e9 v\u00fdhody a v\u00fdsledky, kter\u00e9 klienti mohou o\u010dek\u00e1vat, a pomozte jim pochopit, jak jim m\u016f\u017eete pomoci dos\u00e1hnout jejich kari\u00e9rn\u00edch c\u00edl\u016f.<\/p>\n<p>\u27a4 <strong>Postup pr\u00e1ce:<\/strong> Jasn\u011b popi\u0161te sv\u016fj proces v n\u011bkolika jednoduch\u00fdch kroc\u00edch. Uka\u017ete potenci\u00e1ln\u00edm klient\u016fm, jak pracujete, a pomozte jim si snadno p\u0159edstavit cestu, kterou s v\u00e1mi podniknou.<\/p>\n<p>\u27a4 <strong>Cenov\u00e9 bal\u00ed\u010dky:<\/strong> P\u0159edstavte sv\u00e9 cenov\u00e9 bal\u00ed\u010dky jasn\u011b a transparentn\u011b. Podrobn\u011b popi\u0161te vlastnosti a v\u00fdhody jednotliv\u00fdch bal\u00ed\u010dk\u016f, aby klienti snadno vybrali tu nejlep\u0161\u00ed mo\u017enost podle sv\u00fdch pot\u0159eb.<\/p>\n<p>\u27a4 <strong>Zdroje:<\/strong> Nab\u00eddn\u011bte sv\u00fdm n\u00e1v\u0161t\u011bvn\u00edk\u016fm cenn\u00e9 zdroje. A\u0165 u\u017e jde o online n\u00e1stroj, e-book, checklist nebo webin\u00e1\u0159, poskytn\u011bte zdarma obsah, kter\u00fd zaujme va\u0161e publikum a uk\u00e1\u017ee va\u0161i odbornost.<\/p>\n<p>\u27a4 <strong>Reference:<\/strong> Zobrazte pozitivn\u00ed reference a \u00fasp\u011b\u0161n\u00e9 p\u0159\u00edb\u011bhy spokojen\u00fdch klient\u016f. Nechte jejich zku\u0161enosti a vynikaj\u00edc\u00ed v\u00fdsledky hovo\u0159it o pozitivn\u00edm dopadu va\u0161ich kou\u010dovac\u00edch slu\u017eeb.<\/p>\n<p>\u27a4 <strong>Kontakt:<\/strong> Povzbu\u010fte n\u00e1v\u0161t\u011bvn\u00edky, aby se s v\u00e1mi spojili jasnou v\u00fdzvou k akci. Nab\u00eddn\u011bte r\u016fzn\u00e9 zp\u016fsoby kontaktu, v\u010detn\u011b e-mailu, telefonu a odkaz\u016f na soci\u00e1ln\u00ed s\u00edt\u011b, aby bylo pro potenci\u00e1ln\u00ed klienty snadn\u00e9 se s v\u00e1mi spojit.<\/p>\n<p>K tomu nav\u00edc z\u00edsk\u00e1te <strong>P\u0159\u00edru\u010dka Canvy ZDARMA<\/strong> abyste mohli za\u010d\u00edt!<\/p>\n<p>Zlep\u0161ete svou online p\u0159\u00edtomnost a zjednodu\u0161te proces z\u00edsk\u00e1v\u00e1n\u00ed klient\u016f s touto v\u0161estrannou \u0161ablonou pro web kari\u00e9rn\u00edho kou\u010dinku!<\/p>","protected":false},"excerpt":{"rendered":"<p>Zlep\u0161ete svou online p\u0159\u00edtomnost a proces z\u00edsk\u00e1v\u00e1n\u00ed klient\u016f s webem pro kari\u00e9rn\u00ed kou\u010dink vytvo\u0159en\u00fdm v Canv\u011b. Ide\u00e1ln\u00ed pro kou\u010de, kte\u0159\u00ed cht\u011bj\u00ed rychle za\u010d\u00edt.<\/p>","protected":false},"featured_media":1798,"comment_status":"open","ping_status":"closed","template":"","meta":{"_monsterinsights_skip_tracking":false,"_monsterinsights_sitenote_active":false,"_monsterinsights_sitenote_note":"","_monsterinsights_sitenote_category":0},"product_brand":[],"product_cat":[22],"product_tag":[29,33,31],"class_list":{"0":"post-1770","1":"product","2":"type-product","3":"status-publish","4":"has-post-thumbnail","6":"product_cat-coaching","7":"product_tag-canva-website","8":"product_tag-career-coach","9":"product_tag-website-template","11":"first","12":"instock","13":"downloadable","14":"virtual","15":"purchasable","16":"product-type-simple"},"aioseo_notices":[],"_links":{"self":[{"href":"https:\/\/thaohoangphuong.com\/cz\/wp-json\/wp\/v2\/product\/1770","targetHints":{"allow":["GET"]}}],"collection":[{"href":"https:\/\/thaohoangphuong.com\/cz\/wp-json\/wp\/v2\/product"}],"about":[{"href":"https:\/\/thaohoangphuong.com\/cz\/wp-json\/wp\/v2\/types\/product"}],"replies":[{"embeddable":true,"href":"https:\/\/thaohoangphuong.com\/cz\/wp-json\/wp\/v2\/comments?post=1770"}],"wp:featuredmedia":[{"embeddable":true,"href":"https:\/\/thaohoangphuong.com\/cz\/wp-json\/wp\/v2\/media\/1798"}],"wp:attachment":[{"href":"https:\/\/thaohoangphuong.com\/cz\/wp-json\/wp\/v2\/media?parent=1770"}],"wp:term":[{"taxonomy":"product_brand","embeddable":true,"href":"https:\/\/thaohoangphuong.com\/cz\/wp-json\/wp\/v2\/product_brand?post=1770"},{"taxonomy":"product_cat","embeddable":true,"href":"https:\/\/thaohoangphuong.com\/cz\/wp-json\/wp\/v2\/product_cat?post=1770"},{"taxonomy":"product_tag","embeddable":true,"href":"https:\/\/thaohoangphuong.com\/cz\/wp-json\/wp\/v2\/product_tag?post=1770"}],"curies":[{"name":"wp","href":"https:\/\/api.w.org\/{rel}","templated":true}]}}