{"id":1769,"date":"2024-11-07T08:35:18","date_gmt":"2024-11-07T08:35:18","guid":{"rendered":"https:\/\/thaohoangphuong.com\/?post_type=product&#038;p=1769"},"modified":"2025-10-01T19:00:43","modified_gmt":"2025-10-01T17:00:43","slug":"wellness-website-canva-template","status":"publish","type":"product","link":"https:\/\/thaohoangphuong.com\/cz\/produkt\/wellness-website-canva-template\/","title":{"rendered":"Wellness Website"},"content":{"rendered":"<p>Navr\u017eeno pro wellness centra, sauny a holistick\u00e9 odborn\u00edky, tato Canva \u0161ablona dokonale spojuje eleganci a funkcionalitu.<\/p>\n<p>\ud83d\udda5\ufe0f\u00a0 Pod\u00edvejte se na <strong>DEMO uk\u00e1zku<\/strong>: <a href=\"https:\/\/thaohoangphuong.my.canva.site\/wellness-spa-website-template\">https:\/\/thaohoangphuong.my.canva.site\/wellness-spa-website-template<\/a><\/p>\n<h3>\u2728 Tato \u0161ablona nab\u00edz\u00ed:<\/h3>\n<p>\u2714\ufe0f 100% p\u0159izp\u016fsobiteln\u00fd design<br \/>\n\u2714\ufe0f Responzivn\u00ed rozvr\u017een\u00ed<br \/>\n\u2714\ufe0f Form\u00e1t jednostr\u00e1nkov\u00e9ho webu<br \/>\n\u2714\ufe0f Snadn\u00e9 a bezplatn\u00e9 publikov\u00e1n\u00ed v Canv\u011b<br \/>\n\u2714\ufe0f Voln\u00e9 pou\u017eit\u00ed vysoce kvalitn\u00edch obr\u00e1zk\u016f<\/p>\n<h3>\u2728 The template consists of 6 sections:<\/h3>\n<ul>\n<li><strong>Hero Section<\/strong>: Ud\u011blejte siln\u00fd prvn\u00ed dojem s poutavou \u00favodn\u00ed sekc\u00ed, kter\u00e1 okam\u017eit\u011b zaujme.<\/li>\n<li><strong>O mn\u011b<\/strong>: Pod\u011blte se o sv\u016fj p\u0159\u00edb\u011bh, hodnoty, posl\u00e1n\u00ed atd.<\/li>\n<li><strong>Slu\u017eby<\/strong>: Zd\u016frazn\u011bte \u0161irokou nab\u00eddku va\u0161ich slu\u017eeb, od mas\u00e1\u017e\u00ed a o\u0161et\u0159en\u00ed pleti po holistick\u00e9 terapie.<\/li>\n<li><strong>Galerie:<\/strong> P\u0159it\u00e1hn\u011bte pozornost potenci\u00e1ln\u00edch klient\u016f pomoc\u00ed kr\u00e1sn\u00e9 fotogalerie.<\/li>\n<li><strong>Rezervace:<\/strong> Ukon\u010dete svoj\u00ed zpr\u00e1vu jasnou v\u00fdzvou k akci, kter\u00e1 n\u00e1v\u0161t\u011bvn\u00edky povzbud\u00ed k rezervaci va\u0161ich slu\u017eeb.<\/li>\n<li><strong>Kontakt<\/strong>: Nab\u00eddn\u011bte lidem r\u016fzn\u00e9 zp\u016fsoby kontaktu, otev\u00edrac\u00ed dobu a dal\u0161\u00ed d\u016fle\u017eit\u00e9 informace.<\/li>\n<\/ul>\n<p>K tomu nav\u00edc z\u00edsk\u00e1te <strong>P\u0159\u00edru\u010dka Canvy ZDARMA<\/strong> abyste mohli za\u010d\u00edt!<\/p>\n<p>Spus\u0165te svoj\u00ed webovou str\u00e1nku je\u0161t\u011b dnes!<\/p>","protected":false},"excerpt":{"rendered":"<p>Propagujte sv\u00e9 wellness centrum s na\u0161\u00ed \u0161ablonou pro wellness web. Ide\u00e1ln\u00ed pro sauny, salony a holistick\u00e1 centra, s elegantn\u00edm designem a funkcionalitou.<\/p>","protected":false},"featured_media":1790,"comment_status":"open","ping_status":"closed","template":"","meta":{"_monsterinsights_skip_tracking":false,"_monsterinsights_sitenote_active":false,"_monsterinsights_sitenote_note":"","_monsterinsights_sitenote_category":0},"product_brand":[],"product_cat":[28],"product_tag":[29,30,31,32],"class_list":{"0":"post-1769","1":"product","2":"type-product","3":"status-publish","4":"has-post-thumbnail","6":"product_cat-beauty-wellness","7":"product_tag-canva-website","8":"product_tag-spa","9":"product_tag-website-template","10":"product_tag-wellness","12":"first","13":"instock","14":"downloadable","15":"virtual","16":"purchasable","17":"product-type-simple"},"aioseo_notices":[],"_links":{"self":[{"href":"https:\/\/thaohoangphuong.com\/cz\/wp-json\/wp\/v2\/product\/1769","targetHints":{"allow":["GET"]}}],"collection":[{"href":"https:\/\/thaohoangphuong.com\/cz\/wp-json\/wp\/v2\/product"}],"about":[{"href":"https:\/\/thaohoangphuong.com\/cz\/wp-json\/wp\/v2\/types\/product"}],"replies":[{"embeddable":true,"href":"https:\/\/thaohoangphuong.com\/cz\/wp-json\/wp\/v2\/comments?post=1769"}],"wp:featuredmedia":[{"embeddable":true,"href":"https:\/\/thaohoangphuong.com\/cz\/wp-json\/wp\/v2\/media\/1790"}],"wp:attachment":[{"href":"https:\/\/thaohoangphuong.com\/cz\/wp-json\/wp\/v2\/media?parent=1769"}],"wp:term":[{"taxonomy":"product_brand","embeddable":true,"href":"https:\/\/thaohoangphuong.com\/cz\/wp-json\/wp\/v2\/product_brand?post=1769"},{"taxonomy":"product_cat","embeddable":true,"href":"https:\/\/thaohoangphuong.com\/cz\/wp-json\/wp\/v2\/product_cat?post=1769"},{"taxonomy":"product_tag","embeddable":true,"href":"https:\/\/thaohoangphuong.com\/cz\/wp-json\/wp\/v2\/product_tag?post=1769"}],"curies":[{"name":"wp","href":"https:\/\/api.w.org\/{rel}","templated":true}]}}