{"id":1768,"date":"2024-11-07T08:35:18","date_gmt":"2024-11-07T08:35:18","guid":{"rendered":"https:\/\/thaohoangphuong.com\/?post_type=product&#038;p=1768"},"modified":"2025-06-02T17:44:04","modified_gmt":"2025-06-02T15:44:04","slug":"confidence-coach-canva-website-template","status":"publish","type":"product","link":"https:\/\/thaohoangphuong.com\/cz\/produkt\/confidence-coach-canva-website-template\/","title":{"rendered":"Confidence Coach Website"},"content":{"rendered":"<p><strong>Confidence Coach Website Template<\/strong> je ide\u00e1ln\u00edm \u0159e\u0161en\u00edm pro kou\u010de sebev\u011bdom\u00ed, kari\u00e9rn\u00ed kou\u010de, kou\u010de v\u00fdkonnosti a dal\u0161\u00ed, kte\u0159\u00ed cht\u011bj\u00ed vybudovat silnou online p\u0159\u00edtomnost. S modern\u00edm a \u010dist\u00fdm designem nab\u00edz\u00ed tato \u0161ablona dokonalou kombinaci funk\u010dnosti a estetick\u00e9ho vzhledu, to v\u0161e v Canv\u011b.<\/p>\n<p>\ud83d\udda5\ufe0f Pod\u00edvejte se na <strong>DEMO uk\u00e1zku<\/strong>: <a href=\"https:\/\/thaohoangphuong.my.canva.site\/confidence-coach-website-template\">https:\/\/thaohoangphuong.my.canva.site\/confidence-coach-website-template<\/a><\/p>\n<h3>\u2728 Tato \u0161ablona nab\u00edz\u00ed:<\/h3>\n<p>\u2714\ufe0f 100% p\u0159izp\u016fsobiteln\u00fd design<br \/>\n\u2714\ufe0f Responzivn\u00ed rozvr\u017een\u00ed<br \/>\n\u2714\ufe0f Form\u00e1t jednostr\u00e1nkov\u00e9ho webu<br \/>\n\u2714\ufe0f Snadn\u00e9 a bezplatn\u00e9 publikov\u00e1n\u00ed v Canv\u011b<br \/>\n\u2714\ufe0f Voln\u00e9 pou\u017eit\u00ed vysoce kvalitn\u00edch obr\u00e1zk\u016f<\/p>\n<h3>\u2728 Tato \u0161ablona obsahuje 8<strong>\u00a0promy\u0161len\u00fdch sekc\u00ed<\/strong>:<\/h3>\n<ul>\n<li><strong>Hero Section + Menu<\/strong>: Ud\u011blejte siln\u00fd prvn\u00ed dojem s poutavou \u00favodn\u00ed sekc\u00ed, kter\u00e1 okam\u017eit\u011b zaujme. Doprovodn\u00e9 menu zaji\u0161\u0165uje plynulou navigaci a snadno n\u00e1v\u0161t\u011bvn\u00edky provede r\u016fzn\u00fdmi sekcemi va\u0161eho webu.<\/li>\n<li><strong>Slu\u017eby<\/strong>: Prezentujte \u0161irokou nab\u00eddku va\u0161ich slu\u017eeb a zd\u016frazn\u011bte v\u00fdhody a v\u00fdsledky, kter\u00e9 mohou klienti o\u010dek\u00e1vat.<\/li>\n<li><strong>O mn\u011b<\/strong>: Pod\u011blte se o svou cestu, hodnoty a posl\u00e1n\u00ed, abyste od za\u010d\u00e1tku nav\u00e1zali osobn\u00ed spojen\u00ed a vybudovali d\u016fv\u011bru u sv\u00fdch n\u00e1v\u0161t\u011bvn\u00edk\u016f.<\/li>\n<li><strong>Bal\u00ed\u010dky<\/strong>: P\u0159edstavte sv\u00e9 kou\u010dovac\u00ed bal\u00ed\u010dky jasn\u011b a podrobn\u011b. Uve\u010fte cenu a v\u00fdhody ka\u017ed\u00e9ho programu, aby si potenci\u00e1ln\u00ed klienti mohli snadno vybrat ten, kter\u00fd nejl\u00e9pe vyhovuje jejich pot\u0159eb\u00e1m. P\u0159\u00edpadn\u011b nab\u00eddn\u011bte bezplatnou konzulta\u010dn\u00ed sch\u016fzku.<\/li>\n<li><strong>Freebie<\/strong>: Nab\u00eddn\u011bte hodnotu hned na za\u010d\u00e1tku pomoc\u00ed t\u00edm, \u017ee nab\u00eddnete n\u011bco zdarma. A\u0165 u\u017e jde o e-book, checklist nebo webin\u00e1\u0159, p\u0159it\u00e1hn\u011bte n\u00e1v\u0161t\u011bvn\u00edky k va\u0161emu obsahu a motivujte je k dal\u0161\u00edm krok\u016fm sm\u011brem k spolupr\u00e1ci s v\u00e1mi.<\/li>\n<li><strong>Podcast<\/strong>: Propagujte sv\u016fj podcast a dejte lidem p\u0159edstavu o tom, k\u00fdm jste a co d\u011bl\u00e1te.<\/li>\n<li><strong>Reference<\/strong>: Nechte mluvit sv\u00e9 spokojen\u00e9 klienty. Prezentujte pozitivn\u00ed reference a \u00fasp\u011b\u0161n\u00e9 p\u0159\u00edb\u011bhy, kter\u00e9 ukazuj\u00ed p\u0159\u00ednos va\u0161ich kou\u010dovac\u00edch slu\u017eeb.<\/li>\n<li><strong>Kontakt<\/strong>: Uzav\u0159ete to jasnou v\u00fdzvou k akci, kter\u00e1 n\u00e1v\u0161t\u011bvn\u00edky vyzve, aby v\u00e1s kontaktovali. Nab\u00eddn\u011bte r\u016fzn\u00e9 mo\u017enosti kontaktu, jako je e-mailov\u00e1 adresa, telefonn\u00ed \u010d\u00edslo nebo odkazy na soci\u00e1ln\u00ed s\u00edt\u011b, \u010d\u00edm\u017e usnadn\u00edte potenci\u00e1ln\u00edm klient\u016fm, aby se na v\u00e1s snadno obr\u00e1tili.<\/li>\n<\/ul>\n<p>K tomu nav\u00edc z\u00edsk\u00e1te <strong>P\u0159\u00edru\u010dka Canvy ZDARMA<\/strong> abyste mohli za\u010d\u00edt!<\/p>\n<p>Spus\u0165te sv\u016fj kou\u010dovac\u00ed web je\u0161t\u011b dnes s na\u0161\u00ed \u0161ablonou!<\/p>","protected":false},"excerpt":{"rendered":"<p>Transformujte sv\u016fj kou\u010dink s na\u0161\u00ed \u0161ablonou pro kou\u010de v sebev\u011bdom\u00ed! \u0160ablona je 100 % p\u0159izp\u016fsobiteln\u00e1, responzivn\u00ed a nab\u00edz\u00ed modern\u00ed, elegantn\u00ed design.<\/p>","protected":false},"featured_media":1783,"comment_status":"open","ping_status":"closed","template":"","meta":{"_monsterinsights_skip_tracking":false,"_monsterinsights_sitenote_active":false,"_monsterinsights_sitenote_note":"","_monsterinsights_sitenote_category":0},"product_brand":[],"product_cat":[22],"product_tag":[23,24,25,26,27],"class_list":{"0":"post-1768","1":"product","2":"type-product","3":"status-publish","4":"has-post-thumbnail","6":"product_cat-coaching","7":"product_tag-canva","8":"product_tag-coaching","9":"product_tag-digitalproduct","10":"product_tag-template","11":"product_tag-website","13":"first","14":"instock","15":"downloadable","16":"virtual","17":"purchasable","18":"product-type-simple"},"aioseo_notices":[],"_links":{"self":[{"href":"https:\/\/thaohoangphuong.com\/cz\/wp-json\/wp\/v2\/product\/1768","targetHints":{"allow":["GET"]}}],"collection":[{"href":"https:\/\/thaohoangphuong.com\/cz\/wp-json\/wp\/v2\/product"}],"about":[{"href":"https:\/\/thaohoangphuong.com\/cz\/wp-json\/wp\/v2\/types\/product"}],"replies":[{"embeddable":true,"href":"https:\/\/thaohoangphuong.com\/cz\/wp-json\/wp\/v2\/comments?post=1768"}],"wp:featuredmedia":[{"embeddable":true,"href":"https:\/\/thaohoangphuong.com\/cz\/wp-json\/wp\/v2\/media\/1783"}],"wp:attachment":[{"href":"https:\/\/thaohoangphuong.com\/cz\/wp-json\/wp\/v2\/media?parent=1768"}],"wp:term":[{"taxonomy":"product_brand","embeddable":true,"href":"https:\/\/thaohoangphuong.com\/cz\/wp-json\/wp\/v2\/product_brand?post=1768"},{"taxonomy":"product_cat","embeddable":true,"href":"https:\/\/thaohoangphuong.com\/cz\/wp-json\/wp\/v2\/product_cat?post=1768"},{"taxonomy":"product_tag","embeddable":true,"href":"https:\/\/thaohoangphuong.com\/cz\/wp-json\/wp\/v2\/product_tag?post=1768"}],"curies":[{"name":"wp","href":"https:\/\/api.w.org\/{rel}","templated":true}]}}