{"id":1767,"date":"2024-11-07T08:35:18","date_gmt":"2024-11-07T08:35:18","guid":{"rendered":"https:\/\/thaohoangphuong.com\/?post_type=product&#038;p=1767"},"modified":"2026-02-11T11:17:10","modified_gmt":"2026-02-11T10:17:10","slug":"life-coach-website-canva-template","status":"publish","type":"product","link":"https:\/\/thaohoangphuong.com\/cz\/produkt\/life-coach-website-canva-template\/","title":{"rendered":"Life Coach Website"},"content":{"rendered":"<p>P\u0159edstavujeme v\u00e1m estetickou \u0161ablonu <strong>Life Coach Website Template<\/strong> \u2013 ultim\u00e1tn\u00ed \u0159e\u0161en\u00ed pro life kou\u010de, kari\u00e9rn\u00ed kou\u010de, kou\u010de pro vztahy a dal\u0161\u00ed, kte\u0159\u00ed cht\u011bj\u00ed vybudovat silnou online p\u0159\u00edtomnost. Tato \u0161ablona, pln\u00e1 hrav\u00e9 energie a \u017eivota, spojuje funkcionalitu s estetickou p\u0159ita\u017elivost\u00ed, a to v\u0161e v r\u00e1mci Canva.<\/p>\n<p>\ud83d\udda5\ufe0f Pod\u00edvejte se na <strong>DEMO uk\u00e1zku<\/strong>: <a href=\"https:\/\/thaohoangphuong.my.canva.site\/life-coach-website-template\">https:\/\/thaohoangphuong.my.canva.site\/life-coach-website-template<\/a><\/p>\n<h3>\u2728 Tato \u0161ablona nab\u00edz\u00ed:<\/h3>\n<p>\u2714\ufe0f 100% p\u0159izp\u016fsobiteln\u00fd design<br \/>\n\u2714\ufe0f Responzivn\u00ed rozvr\u017een\u00ed<br \/>\n\u2714\ufe0f Form\u00e1t jednostr\u00e1nkov\u00e9ho webu<br \/>\n\u2714\ufe0f Snadn\u00e9 a bezplatn\u00e9 publikov\u00e1n\u00ed v Canv\u011b<br \/>\n\u2714\ufe0f Voln\u00e9 pou\u017eit\u00ed vysoce kvalitn\u00edch obr\u00e1zk\u016f<\/p>\n<h3>\u2728 Tato \u0161ablona se skl\u00e1d\u00e1 z 8 sekc\u00ed:<\/h3>\n<ul>\n<li><strong>Hero Section + Menu<\/strong>: Ud\u011blejte siln\u00fd prvn\u00ed dojem s poutavou \u00favodn\u00ed sekc\u00ed, kter\u00e1 okam\u017eit\u011b zaujme. Doprovodn\u00e9 menu zaji\u0161\u0165uje plynulou navigaci a snadno n\u00e1v\u0161t\u011bvn\u00edky provede r\u016fzn\u00fdmi sekcemi va\u0161eho webu.<\/li>\n<li><strong>Slu\u017eby<\/strong>: Prezentujte \u0161irokou nab\u00eddku va\u0161ich slu\u017eeb a zd\u016frazn\u011bte v\u00fdhody a v\u00fdsledky, kter\u00e9 mohou klienti o\u010dek\u00e1vat.<\/li>\n<li><strong>O mn\u011b<\/strong>: Pod\u011blte se o svou cestu, hodnoty a posl\u00e1n\u00ed, abyste od za\u010d\u00e1tku nav\u00e1zali osobn\u00ed spojen\u00ed a vybudovali d\u016fv\u011bru u sv\u00fdch n\u00e1v\u0161t\u011bvn\u00edk\u016f.<\/li>\n<li><strong>Kou\u010dovac\u00ed styl:<\/strong>: Pono\u0159te se hloub\u011bji do sv\u00e9ho kou\u010dovac\u00edho p\u0159\u00edstupu a filozofie. A\u0165 u\u017e se zam\u011b\u0159ujete na pos\u00edlen\u00ed sebev\u011bdom\u00ed, uv\u011bdom\u011bn\u00ed nebo transformaci, vyj\u00e1d\u0159ete sv\u016fj styl zp\u016fsobem, kter\u00fd zaujme a inspiruje.<\/li>\n<li><strong>Programy<\/strong>: P\u0159edstavte sv\u00e9 kou\u010dovac\u00ed programy jasn\u011b a podrobn\u011b. Uve\u010fte vlastnosti, d\u00e9lku a v\u00fdhody jednotliv\u00fdch program\u016f, aby si potenci\u00e1ln\u00ed klienti snadno vybrali ten, kter\u00fd nejl\u00e9pe odpov\u00edd\u00e1 jejich pot\u0159eb\u00e1m. Nab\u00eddn\u011bte tak\u00e9 bezplatnou konzultaci.<\/li>\n<li><strong>Freebie<\/strong>: Nab\u00eddn\u011bte hodnotu hned na za\u010d\u00e1tku pomoc\u00ed t\u00edm, \u017ee nab\u00eddnete n\u011bco zdarma. A\u0165 u\u017e jde o e-book, checklist nebo webin\u00e1\u0159, p\u0159it\u00e1hn\u011bte n\u00e1v\u0161t\u011bvn\u00edky k va\u0161emu obsahu a motivujte je k dal\u0161\u00edm krok\u016fm sm\u011brem k spolupr\u00e1ci s v\u00e1mi.<\/li>\n<li><strong>Reference<\/strong>: Nechte mluvit sv\u00e9 spokojen\u00e9 klienty. Prezentujte pozitivn\u00ed reference a \u00fasp\u011b\u0161n\u00e9 p\u0159\u00edb\u011bhy, kter\u00e9 ukazuj\u00ed p\u0159\u00ednos va\u0161ich kou\u010dovac\u00edch slu\u017eeb.<\/li>\n<li><strong>Kontakt<\/strong>: Uzav\u0159ete to jasnou v\u00fdzvou k akci, kter\u00e1 n\u00e1v\u0161t\u011bvn\u00edky vyzve, aby v\u00e1s kontaktovali. Nab\u00eddn\u011bte r\u016fzn\u00e9 mo\u017enosti kontaktu, jako je e-mailov\u00e1 adresa, telefonn\u00ed \u010d\u00edslo nebo odkazy na soci\u00e1ln\u00ed s\u00edt\u011b, \u010d\u00edm\u017e usnadn\u00edte potenci\u00e1ln\u00edm klient\u016fm, aby se na v\u00e1s snadno obr\u00e1tili.<\/li>\n<\/ul>\n<p>K tomu nav\u00edc z\u00edsk\u00e1te <strong>P\u0159\u00edru\u010dka Canvy ZDARMA<\/strong> abyste mohli za\u010d\u00edt!<\/p>\n<p>Spus\u0165te sv\u016fj web je\u0161t\u011b dnes!<\/p>","protected":false},"excerpt":{"rendered":"<p>Transformujte sv\u016fj kou\u010dink s na\u0161\u00ed \u0161ablonou pro life kou\u010de! Je pln\u011b p\u0159izp\u016fsobiteln\u00e1, responzivn\u00ed a nab\u00edz\u00ed hrav\u00fd, vesel\u00fd design.<\/p>","protected":false},"featured_media":1776,"comment_status":"open","ping_status":"closed","template":"","meta":{"_monsterinsights_skip_tracking":false,"_monsterinsights_sitenote_active":false,"_monsterinsights_sitenote_note":"","_monsterinsights_sitenote_category":0},"product_brand":[],"product_cat":[22],"product_tag":[23,24,25,26,27],"class_list":{"0":"post-1767","1":"product","2":"type-product","3":"status-publish","4":"has-post-thumbnail","6":"product_cat-coaching","7":"product_tag-canva","8":"product_tag-coaching","9":"product_tag-digitalproduct","10":"product_tag-template","11":"product_tag-website","13":"first","14":"instock","15":"downloadable","16":"virtual","17":"sold-individually","18":"purchasable","19":"product-type-simple"},"aioseo_notices":[],"_links":{"self":[{"href":"https:\/\/thaohoangphuong.com\/cz\/wp-json\/wp\/v2\/product\/1767","targetHints":{"allow":["GET"]}}],"collection":[{"href":"https:\/\/thaohoangphuong.com\/cz\/wp-json\/wp\/v2\/product"}],"about":[{"href":"https:\/\/thaohoangphuong.com\/cz\/wp-json\/wp\/v2\/types\/product"}],"replies":[{"embeddable":true,"href":"https:\/\/thaohoangphuong.com\/cz\/wp-json\/wp\/v2\/comments?post=1767"}],"wp:featuredmedia":[{"embeddable":true,"href":"https:\/\/thaohoangphuong.com\/cz\/wp-json\/wp\/v2\/media\/1776"}],"wp:attachment":[{"href":"https:\/\/thaohoangphuong.com\/cz\/wp-json\/wp\/v2\/media?parent=1767"}],"wp:term":[{"taxonomy":"product_brand","embeddable":true,"href":"https:\/\/thaohoangphuong.com\/cz\/wp-json\/wp\/v2\/product_brand?post=1767"},{"taxonomy":"product_cat","embeddable":true,"href":"https:\/\/thaohoangphuong.com\/cz\/wp-json\/wp\/v2\/product_cat?post=1767"},{"taxonomy":"product_tag","embeddable":true,"href":"https:\/\/thaohoangphuong.com\/cz\/wp-json\/wp\/v2\/product_tag?post=1767"}],"curies":[{"name":"wp","href":"https:\/\/api.w.org\/{rel}","templated":true}]}}